{"id":74,"date":"2021-04-13T15:39:58","date_gmt":"2021-04-13T12:39:58","guid":{"rendered":"https:\/\/motivex.com.tr\/?page_id=74"},"modified":"2021-04-13T17:29:09","modified_gmt":"2021-04-13T14:29:09","slug":"emlak-danismanligi","status":"publish","type":"page","link":"https:\/\/motivex.com.tr\/index.php\/emlak-danismanligi\/","title":{"rendered":"Emlak Dan\u0131\u015fmanl\u0131\u011f\u0131"},"content":{"rendered":"\t\t<div data-elementor-type=\"wp-page\" data-elementor-id=\"74\" class=\"elementor elementor-74\">\n\t\t\t\t\t\t<section class=\"elementor-section elementor-top-section elementor-element elementor-element-2647047 elementor-section-boxed elementor-section-height-default elementor-section-height-default\" data-id=\"2647047\" data-element_type=\"section\" data-e-type=\"section\">\n\t\t\t\t\t\t<div class=\"elementor-container elementor-column-gap-default\">\n\t\t\t\t\t<div class=\"elementor-column elementor-col-100 elementor-top-column elementor-element elementor-element-0e2bc05\" data-id=\"0e2bc05\" data-element_type=\"column\" data-e-type=\"column\">\n\t\t\t<div class=\"elementor-widget-wrap elementor-element-populated\">\n\t\t\t\t\t\t<section class=\"elementor-section elementor-inner-section elementor-element elementor-element-c2c481d elementor-section-boxed elementor-section-height-default elementor-section-height-default\" data-id=\"c2c481d\" data-element_type=\"section\" data-e-type=\"section\">\n\t\t\t\t\t\t<div class=\"elementor-container elementor-column-gap-default\">\n\t\t\t\t\t<div class=\"elementor-column elementor-col-50 elementor-inner-column elementor-element elementor-element-8ee7448\" data-id=\"8ee7448\" data-element_type=\"column\" data-e-type=\"column\">\n\t\t\t<div class=\"elementor-widget-wrap elementor-element-populated\">\n\t\t\t\t\t\t<div class=\"elementor-element elementor-element-dd78503 elementor-widget elementor-widget-text-editor\" data-id=\"dd78503\" data-element_type=\"widget\" data-e-type=\"widget\" data-widget_type=\"text-editor.default\">\n\t\t\t\t<div class=\"elementor-widget-container\">\n\t\t\t\t\t\t\t\t\t<p><span style=\"box-sizing: inherit; font-weight: bold; max-width: var(--global--spacing-measure); color: #000000; font-family: -apple-system, BlinkMacSystemFont, 'Segoe UI', Roboto, Oxygen-Sans, Ubuntu, Cantarell, 'Helvetica Neue', sans-serif;\">L\u00fcks Konut<br style=\"box-sizing: inherit; max-width: var(--global--spacing-measure);\" \/><\/span><span style=\"color: #000000; font-family: -apple-system, BlinkMacSystemFont, 'Segoe UI', Roboto, Oxygen-Sans, Ubuntu, Cantarell, 'Helvetica Neue', sans-serif;\">L\u00fcks konut uzmanl\u0131k ister. Motivex ofisimizde L\u00fcks konut almak isteyen al\u0131c\u0131lara ve kiralamak isteyenlere hizmet ediyoruz. T\u00fcm T\u00fcrkiye genelinde L\u00fcks Konut almak, satmak yada kiralamak i\u00e7in bizi arayabilirsiniz.<\/span><\/p>\t\t\t\t\t\t\t\t<\/div>\n\t\t\t\t<\/div>\n\t\t\t\t\t<\/div>\n\t\t<\/div>\n\t\t\t\t<div class=\"elementor-column elementor-col-50 elementor-inner-column elementor-element elementor-element-92d8a1b\" data-id=\"92d8a1b\" data-element_type=\"column\" data-e-type=\"column\">\n\t\t\t<div class=\"elementor-widget-wrap elementor-element-populated\">\n\t\t\t\t\t\t<div class=\"elementor-element elementor-element-cbd12ff elementor-widget elementor-widget-spacer\" data-id=\"cbd12ff\" data-element_type=\"widget\" data-e-type=\"widget\" data-widget_type=\"spacer.default\">\n\t\t\t\t<div class=\"elementor-widget-container\">\n\t\t\t\t\t\t\t<div class=\"elementor-spacer\">\n\t\t\t<div class=\"elementor-spacer-inner\"><\/div>\n\t\t<\/div>\n\t\t\t\t\t\t<\/div>\n\t\t\t\t<\/div>\n\t\t\t\t<div class=\"elementor-element elementor-element-f7af1e5 elementor-widget elementor-widget-image\" data-id=\"f7af1e5\" data-element_type=\"widget\" data-e-type=\"widget\" data-widget_type=\"image.default\">\n\t\t\t\t<div class=\"elementor-widget-container\">\n\t\t\t\t\t\t\t\t\t\t\t\t\t\t\t<img fetchpriority=\"high\" decoding=\"async\" width=\"500\" height=\"326\" src=\"https:\/\/motivex.com.tr\/wp-content\/uploads\/2021\/04\/pexels-photo-1571459.jpeg\" class=\"attachment-large size-large wp-image-117\" alt=\"\" srcset=\"https:\/\/motivex.com.tr\/wp-content\/uploads\/2021\/04\/pexels-photo-1571459.jpeg 500w, https:\/\/motivex.com.tr\/wp-content\/uploads\/2021\/04\/pexels-photo-1571459-300x196.jpeg 300w\" sizes=\"(max-width: 500px) 100vw, 500px\" style=\"width:100%;height:65.2%;max-width:500px\" \/>\t\t\t\t\t\t\t\t\t\t\t\t\t\t\t<\/div>\n\t\t\t\t<\/div>\n\t\t\t\t\t<\/div>\n\t\t<\/div>\n\t\t\t\t\t<\/div>\n\t\t<\/section>\n\t\t\t\t\t<\/div>\n\t\t<\/div>\n\t\t\t\t\t<\/div>\n\t\t<\/section>\n\t\t\t\t<section class=\"elementor-section elementor-top-section elementor-element elementor-element-1a741e0 elementor-section-boxed elementor-section-height-default elementor-section-height-default\" data-id=\"1a741e0\" data-element_type=\"section\" data-e-type=\"section\">\n\t\t\t\t\t\t<div class=\"elementor-container elementor-column-gap-default\">\n\t\t\t\t\t<div class=\"elementor-column elementor-col-100 elementor-top-column elementor-element elementor-element-40f0379\" data-id=\"40f0379\" data-element_type=\"column\" data-e-type=\"column\">\n\t\t\t<div class=\"elementor-widget-wrap elementor-element-populated\">\n\t\t\t\t\t\t<section class=\"elementor-section elementor-inner-section elementor-element elementor-element-390188c elementor-section-boxed elementor-section-height-default elementor-section-height-default\" data-id=\"390188c\" data-element_type=\"section\" data-e-type=\"section\">\n\t\t\t\t\t\t<div class=\"elementor-container elementor-column-gap-default\">\n\t\t\t\t\t<div class=\"elementor-column elementor-col-50 elementor-inner-column elementor-element elementor-element-3f6f5a8\" data-id=\"3f6f5a8\" data-element_type=\"column\" data-e-type=\"column\">\n\t\t\t<div class=\"elementor-widget-wrap elementor-element-populated\">\n\t\t\t\t\t\t<div class=\"elementor-element elementor-element-b047dc3 elementor-widget elementor-widget-spacer\" data-id=\"b047dc3\" data-element_type=\"widget\" data-e-type=\"widget\" data-widget_type=\"spacer.default\">\n\t\t\t\t<div class=\"elementor-widget-container\">\n\t\t\t\t\t\t\t<div class=\"elementor-spacer\">\n\t\t\t<div class=\"elementor-spacer-inner\"><\/div>\n\t\t<\/div>\n\t\t\t\t\t\t<\/div>\n\t\t\t\t<\/div>\n\t\t\t\t<div class=\"elementor-element elementor-element-2ba685c elementor-widget elementor-widget-image\" data-id=\"2ba685c\" data-element_type=\"widget\" data-e-type=\"widget\" data-widget_type=\"image.default\">\n\t\t\t\t<div class=\"elementor-widget-container\">\n\t\t\t\t\t\t\t\t\t\t\t\t\t\t\t<img decoding=\"async\" width=\"750\" height=\"500\" src=\"https:\/\/motivex.com.tr\/wp-content\/uploads\/2021\/04\/pexels-photo-241544-1024x683.jpeg\" class=\"attachment-large size-large wp-image-116\" alt=\"\" srcset=\"https:\/\/motivex.com.tr\/wp-content\/uploads\/2021\/04\/pexels-photo-241544-1024x683.jpeg 1024w, https:\/\/motivex.com.tr\/wp-content\/uploads\/2021\/04\/pexels-photo-241544-300x200.jpeg 300w, https:\/\/motivex.com.tr\/wp-content\/uploads\/2021\/04\/pexels-photo-241544-768x512.jpeg 768w, https:\/\/motivex.com.tr\/wp-content\/uploads\/2021\/04\/pexels-photo-241544-1536x1024.jpeg 1536w, https:\/\/motivex.com.tr\/wp-content\/uploads\/2021\/04\/pexels-photo-241544-2048x1365.jpeg 2048w, https:\/\/motivex.com.tr\/wp-content\/uploads\/2021\/04\/pexels-photo-241544-1568x1045.jpeg 1568w\" sizes=\"(max-width: 750px) 100vw, 750px\" style=\"width:100%;height:66.67%;max-width:2250px\" \/>\t\t\t\t\t\t\t\t\t\t\t\t\t\t\t<\/div>\n\t\t\t\t<\/div>\n\t\t\t\t\t<\/div>\n\t\t<\/div>\n\t\t\t\t<div class=\"elementor-column elementor-col-50 elementor-inner-column elementor-element elementor-element-d5cdb3a\" data-id=\"d5cdb3a\" data-element_type=\"column\" data-e-type=\"column\">\n\t\t\t<div class=\"elementor-widget-wrap elementor-element-populated\">\n\t\t\t\t\t\t<div class=\"elementor-element elementor-element-3fe1170 elementor-widget elementor-widget-text-editor\" data-id=\"3fe1170\" data-element_type=\"widget\" data-e-type=\"widget\" data-widget_type=\"text-editor.default\">\n\t\t\t\t<div class=\"elementor-widget-container\">\n\t\t\t\t\t\t\t\t\t<p style=\"box-sizing: inherit; margin-top: var(--global--spacing-vertical); margin-bottom: var(--global--spacing-vertical); line-height: var(--wp--typography--line-height, var(--global--line-height-body)); max-width: var(--global--spacing-measure); color: #000000; font-family: -apple-system, BlinkMacSystemFont, 'Segoe UI', Roboto, Oxygen-Sans, Ubuntu, Cantarell, 'Helvetica Neue', sans-serif;\"><span style=\"box-sizing: inherit; font-weight: bold; max-width: var(--global--spacing-measure);\">Ticari Gayrimenkul<br style=\"box-sizing: inherit; max-width: var(--global--spacing-measure);\" \/><\/span>Ticari gayrimenkul al\u0131m, sat\u0131m ve kiralama ihtiya\u00e7lar\u0131n\u0131zda Motivex hizmetinizde.<\/p><p style=\"box-sizing: inherit; margin-top: var(--global--spacing-vertical); margin-bottom: var(--global--spacing-vertical); line-height: var(--wp--typography--line-height, var(--global--line-height-body)); max-width: var(--global--spacing-measure); color: #000000; font-family: -apple-system, BlinkMacSystemFont, 'Segoe UI', Roboto, Oxygen-Sans, Ubuntu, Cantarell, 'Helvetica Neue', sans-serif;\">Ticari gayrimenkulde uzmanla\u015fm\u0131\u015f kadrosu ve Avukat Brokerlar\u0131 ile i\u015flemleriniz g\u00fcven alt\u0131nda.<\/p>\t\t\t\t\t\t\t\t<\/div>\n\t\t\t\t<\/div>\n\t\t\t\t\t<\/div>\n\t\t<\/div>\n\t\t\t\t\t<\/div>\n\t\t<\/section>\n\t\t\t\t\t<\/div>\n\t\t<\/div>\n\t\t\t\t\t<\/div>\n\t\t<\/section>\n\t\t\t\t<section class=\"elementor-section elementor-top-section elementor-element elementor-element-c3d4825 elementor-section-boxed elementor-section-height-default elementor-section-height-default\" data-id=\"c3d4825\" data-element_type=\"section\" data-e-type=\"section\">\n\t\t\t\t\t\t<div class=\"elementor-container elementor-column-gap-default\">\n\t\t\t\t\t<div class=\"elementor-column elementor-col-100 elementor-top-column elementor-element elementor-element-0b35a43\" data-id=\"0b35a43\" data-element_type=\"column\" data-e-type=\"column\">\n\t\t\t<div class=\"elementor-widget-wrap elementor-element-populated\">\n\t\t\t\t\t\t<section class=\"elementor-section elementor-inner-section elementor-element elementor-element-aa9c30c elementor-section-boxed elementor-section-height-default elementor-section-height-default\" data-id=\"aa9c30c\" data-element_type=\"section\" data-e-type=\"section\">\n\t\t\t\t\t\t<div class=\"elementor-container elementor-column-gap-default\">\n\t\t\t\t\t<div class=\"elementor-column elementor-col-50 elementor-inner-column elementor-element elementor-element-a793ae0\" data-id=\"a793ae0\" data-element_type=\"column\" data-e-type=\"column\">\n\t\t\t<div class=\"elementor-widget-wrap elementor-element-populated\">\n\t\t\t\t\t\t<div class=\"elementor-element elementor-element-f1254c2 elementor-widget elementor-widget-text-editor\" data-id=\"f1254c2\" data-element_type=\"widget\" data-e-type=\"widget\" data-widget_type=\"text-editor.default\">\n\t\t\t\t<div class=\"elementor-widget-container\">\n\t\t\t\t\t\t\t\t\t<p style=\"box-sizing: inherit; margin-top: var(--global--spacing-vertical); margin-bottom: var(--global--spacing-vertical); line-height: var(--wp--typography--line-height, var(--global--line-height-body)); max-width: var(--global--spacing-measure); color: #000000; font-family: -apple-system, BlinkMacSystemFont, 'Segoe UI', Roboto, Oxygen-Sans, Ubuntu, Cantarell, 'Helvetica Neue', sans-serif;\"><span style=\"box-sizing: inherit; font-weight: bold; max-width: var(--global--spacing-measure);\">Arsa \/ Arazi<br style=\"box-sizing: inherit; max-width: var(--global--spacing-measure);\" \/><\/span>Yat\u0131r\u0131m, ald\u0131ktan sonra de\u011feri artma ihtimali olan \u015feylere yap\u0131l\u0131r. En eski yat\u0131r\u0131m ara\u00e7lar\u0131ndan birisi olan toprak yat\u0131r\u0131m\u0131, T\u00fcrkiye\u2019de ve d\u00fcnyada arazi de\u011ferlerinin h\u0131zl\u0131 art\u0131\u015f\u0131ndan dolay\u0131 hala en sevilen yat\u0131r\u0131m t\u00fcrlerinden birisidir.<\/p><p style=\"box-sizing: inherit; margin-top: var(--global--spacing-vertical); line-height: var(--wp--typography--line-height, var(--global--line-height-body)); max-width: var(--global--spacing-measure); color: #000000; font-family: -apple-system, BlinkMacSystemFont, 'Segoe UI', Roboto, Oxygen-Sans, Ubuntu, Cantarell, 'Helvetica Neue', sans-serif;\">Bilgi ve teknoloji ile geli\u015fecek b\u00f6lgeleri, imar planlar\u0131n\u0131 okuma ve \u00f6ng\u00f6rme yetene\u011fimiz ile yat\u0131r\u0131m yaparak normalin \u00fczerinde getiri kazanman\u0131z\u0131 sa\u011flayabiliriz.<\/p>\t\t\t\t\t\t\t\t<\/div>\n\t\t\t\t<\/div>\n\t\t\t\t\t<\/div>\n\t\t<\/div>\n\t\t\t\t<div class=\"elementor-column elementor-col-50 elementor-inner-column elementor-element elementor-element-631e6cd\" data-id=\"631e6cd\" data-element_type=\"column\" data-e-type=\"column\">\n\t\t\t<div class=\"elementor-widget-wrap elementor-element-populated\">\n\t\t\t\t\t\t<div class=\"elementor-element elementor-element-2f2f454 elementor-widget elementor-widget-spacer\" data-id=\"2f2f454\" data-element_type=\"widget\" data-e-type=\"widget\" data-widget_type=\"spacer.default\">\n\t\t\t\t<div class=\"elementor-widget-container\">\n\t\t\t\t\t\t\t<div class=\"elementor-spacer\">\n\t\t\t<div class=\"elementor-spacer-inner\"><\/div>\n\t\t<\/div>\n\t\t\t\t\t\t<\/div>\n\t\t\t\t<\/div>\n\t\t\t\t<div class=\"elementor-element elementor-element-863b6fa elementor-widget elementor-widget-spacer\" data-id=\"863b6fa\" data-element_type=\"widget\" data-e-type=\"widget\" data-widget_type=\"spacer.default\">\n\t\t\t\t<div class=\"elementor-widget-container\">\n\t\t\t\t\t\t\t<div class=\"elementor-spacer\">\n\t\t\t<div class=\"elementor-spacer-inner\"><\/div>\n\t\t<\/div>\n\t\t\t\t\t\t<\/div>\n\t\t\t\t<\/div>\n\t\t\t\t<div class=\"elementor-element elementor-element-12f582d elementor-widget elementor-widget-spacer\" data-id=\"12f582d\" data-element_type=\"widget\" data-e-type=\"widget\" data-widget_type=\"spacer.default\">\n\t\t\t\t<div class=\"elementor-widget-container\">\n\t\t\t\t\t\t\t<div class=\"elementor-spacer\">\n\t\t\t<div class=\"elementor-spacer-inner\"><\/div>\n\t\t<\/div>\n\t\t\t\t\t\t<\/div>\n\t\t\t\t<\/div>\n\t\t\t\t<div class=\"elementor-element elementor-element-7ad5ff4 elementor-widget elementor-widget-image\" data-id=\"7ad5ff4\" data-element_type=\"widget\" data-e-type=\"widget\" data-widget_type=\"image.default\">\n\t\t\t\t<div class=\"elementor-widget-container\">\n\t\t\t\t\t\t\t\t\t\t\t\t\t\t\t<img decoding=\"async\" width=\"750\" height=\"442\" src=\"https:\/\/motivex.com.tr\/wp-content\/uploads\/2021\/04\/calculator-calculation-insurance-finance-53621-1024x603.jpeg\" class=\"attachment-large size-large wp-image-115\" alt=\"\" srcset=\"https:\/\/motivex.com.tr\/wp-content\/uploads\/2021\/04\/calculator-calculation-insurance-finance-53621-1024x603.jpeg 1024w, https:\/\/motivex.com.tr\/wp-content\/uploads\/2021\/04\/calculator-calculation-insurance-finance-53621-300x177.jpeg 300w, https:\/\/motivex.com.tr\/wp-content\/uploads\/2021\/04\/calculator-calculation-insurance-finance-53621-768x452.jpeg 768w, https:\/\/motivex.com.tr\/wp-content\/uploads\/2021\/04\/calculator-calculation-insurance-finance-53621-1536x905.jpeg 1536w, https:\/\/motivex.com.tr\/wp-content\/uploads\/2021\/04\/calculator-calculation-insurance-finance-53621-2048x1206.jpeg 2048w, https:\/\/motivex.com.tr\/wp-content\/uploads\/2021\/04\/calculator-calculation-insurance-finance-53621-1568x923.jpeg 1568w\" sizes=\"(max-width: 750px) 100vw, 750px\" style=\"width:100%;height:58.89%;max-width:2520px\" \/>\t\t\t\t\t\t\t\t\t\t\t\t\t\t\t<\/div>\n\t\t\t\t<\/div>\n\t\t\t\t\t<\/div>\n\t\t<\/div>\n\t\t\t\t\t<\/div>\n\t\t<\/section>\n\t\t\t\t\t<\/div>\n\t\t<\/div>\n\t\t\t\t\t<\/div>\n\t\t<\/section>\n\t\t\t\t<\/div>\n\t\t","protected":false},"excerpt":{"rendered":"<p>L\u00fcks KonutL\u00fcks konut uzmanl\u0131k ister. Motivex ofisimizde L\u00fcks konut almak isteyen al\u0131c\u0131lara ve kiralamak isteyenlere hizmet ediyoruz. T\u00fcm T\u00fcrkiye genelinde L\u00fcks Konut almak, satmak yada kiralamak i\u00e7in bizi arayabilirsiniz. Ticari GayrimenkulTicari gayrimenkul al\u0131m, sat\u0131m ve kiralama ihtiya\u00e7lar\u0131n\u0131zda Motivex hizmetinizde. Ticari gayrimenkulde uzmanla\u015fm\u0131\u015f kadrosu ve Avukat Brokerlar\u0131 ile i\u015flemleriniz g\u00fcven alt\u0131nda. Arsa \/ AraziYat\u0131r\u0131m, ald\u0131ktan sonra&hellip; <a class=\"more-link\" href=\"https:\/\/motivex.com.tr\/index.php\/emlak-danismanligi\/\">Okumaya devam et <span class=\"screen-reader-text\">Emlak Dan\u0131\u015fmanl\u0131\u011f\u0131<\/span><\/a><\/p>\n","protected":false},"author":1,"featured_media":0,"parent":0,"menu_order":0,"comment_status":"closed","ping_status":"closed","template":"","meta":{"footnotes":""},"class_list":["post-74","page","type-page","status-publish","hentry","entry"],"_links":{"self":[{"href":"https:\/\/motivex.com.tr\/index.php\/wp-json\/wp\/v2\/pages\/74","targetHints":{"allow":["GET"]}}],"collection":[{"href":"https:\/\/motivex.com.tr\/index.php\/wp-json\/wp\/v2\/pages"}],"about":[{"href":"https:\/\/motivex.com.tr\/index.php\/wp-json\/wp\/v2\/types\/page"}],"author":[{"embeddable":true,"href":"https:\/\/motivex.com.tr\/index.php\/wp-json\/wp\/v2\/users\/1"}],"replies":[{"embeddable":true,"href":"https:\/\/motivex.com.tr\/index.php\/wp-json\/wp\/v2\/comments?post=74"}],"version-history":[{"count":7,"href":"https:\/\/motivex.com.tr\/index.php\/wp-json\/wp\/v2\/pages\/74\/revisions"}],"predecessor-version":[{"id":120,"href":"https:\/\/motivex.com.tr\/index.php\/wp-json\/wp\/v2\/pages\/74\/revisions\/120"}],"wp:attachment":[{"href":"https:\/\/motivex.com.tr\/index.php\/wp-json\/wp\/v2\/media?parent=74"}],"curies":[{"name":"wp","href":"https:\/\/api.w.org\/{rel}","templated":true}]}}