{"id":70,"date":"2021-04-13T15:39:24","date_gmt":"2021-04-13T12:39:24","guid":{"rendered":"https:\/\/motivex.com.tr\/?page_id=70"},"modified":"2021-04-13T16:10:38","modified_gmt":"2021-04-13T13:10:38","slug":"kentsel-donusum","status":"publish","type":"page","link":"https:\/\/motivex.com.tr\/index.php\/kentsel-donusum\/","title":{"rendered":"Kentsel D\u00f6n\u00fc\u015f\u00fcm"},"content":{"rendered":"\t\t<div data-elementor-type=\"wp-page\" data-elementor-id=\"70\" class=\"elementor elementor-70\">\n\t\t\t\t\t\t<section class=\"elementor-section elementor-top-section elementor-element elementor-element-b1ffd53 elementor-section-boxed elementor-section-height-default elementor-section-height-default\" data-id=\"b1ffd53\" data-element_type=\"section\" data-e-type=\"section\">\n\t\t\t\t\t\t<div class=\"elementor-container elementor-column-gap-default\">\n\t\t\t\t\t<div class=\"elementor-column elementor-col-100 elementor-top-column elementor-element elementor-element-63edc23\" data-id=\"63edc23\" data-element_type=\"column\" data-e-type=\"column\">\n\t\t\t<div class=\"elementor-widget-wrap elementor-element-populated\">\n\t\t\t\t\t\t<section class=\"elementor-section elementor-inner-section elementor-element elementor-element-86a3b2a elementor-section-boxed elementor-section-height-default elementor-section-height-default\" data-id=\"86a3b2a\" data-element_type=\"section\" data-e-type=\"section\">\n\t\t\t\t\t\t<div class=\"elementor-container elementor-column-gap-default\">\n\t\t\t\t\t<div class=\"elementor-column elementor-col-50 elementor-inner-column elementor-element elementor-element-5eda097\" data-id=\"5eda097\" data-element_type=\"column\" data-e-type=\"column\">\n\t\t\t<div class=\"elementor-widget-wrap elementor-element-populated\">\n\t\t\t\t\t\t<div class=\"elementor-element elementor-element-c96c0ec elementor-widget elementor-widget-text-editor\" data-id=\"c96c0ec\" data-element_type=\"widget\" data-e-type=\"widget\" data-widget_type=\"text-editor.default\">\n\t\t\t\t<div class=\"elementor-widget-container\">\n\t\t\t\t\t\t\t\t\t<p><span style=\"box-sizing: inherit; font-weight: bold; max-width: var(--global--spacing-measure); color: #000000; font-family: -apple-system, BlinkMacSystemFont, 'Segoe UI', Roboto, Oxygen-Sans, Ubuntu, Cantarell, 'Helvetica Neue', sans-serif;\">Ke\u015fif<\/span><br style=\"box-sizing: inherit; max-width: var(--global--spacing-measure); color: #000000; font-family: -apple-system, BlinkMacSystemFont, 'Segoe UI', Roboto, Oxygen-Sans, Ubuntu, Cantarell, 'Helvetica Neue', sans-serif;\" \/><span style=\"color: #000000; font-family: -apple-system, BlinkMacSystemFont, 'Segoe UI', Roboto, Oxygen-Sans, Ubuntu, Cantarell, 'Helvetica Neue', sans-serif;\">T\u00fcm \u00e7al\u0131\u015fmalar\u0131m\u0131zda ba\u015flamaya karar verdi\u011fimiz hizmetleri t\u00fcm y\u00f6nleri ile ara\u015ft\u0131r\u0131yoruz.<\/span><br style=\"box-sizing: inherit; max-width: var(--global--spacing-measure); color: #000000; font-family: -apple-system, BlinkMacSystemFont, 'Segoe UI', Roboto, Oxygen-Sans, Ubuntu, Cantarell, 'Helvetica Neue', sans-serif;\" \/><br style=\"box-sizing: inherit; max-width: var(--global--spacing-measure); color: #000000; font-family: -apple-system, BlinkMacSystemFont, 'Segoe UI', Roboto, Oxygen-Sans, Ubuntu, Cantarell, 'Helvetica Neue', sans-serif;\" \/><span style=\"color: #000000; font-family: -apple-system, BlinkMacSystemFont, 'Segoe UI', Roboto, Oxygen-Sans, Ubuntu, Cantarell, 'Helvetica Neue', sans-serif;\">Uzun ve k\u0131sa vadede olu\u015fabilecek t\u00fcm \u00f6ng\u00f6r\u00fclerden sonra projelendirme a\u015famas\u0131na ge\u00e7iyoruz.<\/span><\/p>\t\t\t\t\t\t\t\t<\/div>\n\t\t\t\t<\/div>\n\t\t\t\t\t<\/div>\n\t\t<\/div>\n\t\t\t\t<div class=\"elementor-column elementor-col-50 elementor-inner-column elementor-element elementor-element-fb5c2c4\" data-id=\"fb5c2c4\" data-element_type=\"column\" data-e-type=\"column\">\n\t\t\t<div class=\"elementor-widget-wrap elementor-element-populated\">\n\t\t\t\t\t\t<div class=\"elementor-element elementor-element-7612cf3 elementor-widget elementor-widget-spacer\" data-id=\"7612cf3\" data-element_type=\"widget\" data-e-type=\"widget\" data-widget_type=\"spacer.default\">\n\t\t\t\t<div class=\"elementor-widget-container\">\n\t\t\t\t\t\t\t<div class=\"elementor-spacer\">\n\t\t\t<div class=\"elementor-spacer-inner\"><\/div>\n\t\t<\/div>\n\t\t\t\t\t\t<\/div>\n\t\t\t\t<\/div>\n\t\t\t\t<div class=\"elementor-element elementor-element-9c89b6b elementor-widget elementor-widget-image\" data-id=\"9c89b6b\" data-element_type=\"widget\" data-e-type=\"widget\" data-widget_type=\"image.default\">\n\t\t\t\t<div class=\"elementor-widget-container\">\n\t\t\t\t\t\t\t\t\t\t\t\t\t\t\t<img fetchpriority=\"high\" decoding=\"async\" width=\"500\" height=\"281\" src=\"https:\/\/motivex.com.tr\/wp-content\/uploads\/2021\/04\/pexels-photo-396303.jpeg\" class=\"attachment-large size-large wp-image-85\" alt=\"\" srcset=\"https:\/\/motivex.com.tr\/wp-content\/uploads\/2021\/04\/pexels-photo-396303.jpeg 500w, https:\/\/motivex.com.tr\/wp-content\/uploads\/2021\/04\/pexels-photo-396303-300x169.jpeg 300w\" sizes=\"(max-width: 500px) 100vw, 500px\" style=\"width:100%;height:56.2%;max-width:500px\" \/>\t\t\t\t\t\t\t\t\t\t\t\t\t\t\t<\/div>\n\t\t\t\t<\/div>\n\t\t\t\t\t<\/div>\n\t\t<\/div>\n\t\t\t\t\t<\/div>\n\t\t<\/section>\n\t\t\t\t\t<\/div>\n\t\t<\/div>\n\t\t\t\t\t<\/div>\n\t\t<\/section>\n\t\t\t\t<section class=\"elementor-section elementor-top-section elementor-element elementor-element-4866418 elementor-section-boxed elementor-section-height-default elementor-section-height-default\" data-id=\"4866418\" data-element_type=\"section\" data-e-type=\"section\">\n\t\t\t\t\t\t<div class=\"elementor-container elementor-column-gap-default\">\n\t\t\t\t\t<div class=\"elementor-column elementor-col-100 elementor-top-column elementor-element elementor-element-22bb013\" data-id=\"22bb013\" data-element_type=\"column\" data-e-type=\"column\">\n\t\t\t<div class=\"elementor-widget-wrap elementor-element-populated\">\n\t\t\t\t\t\t<section class=\"elementor-section elementor-inner-section elementor-element elementor-element-b73b89b elementor-section-boxed elementor-section-height-default elementor-section-height-default\" data-id=\"b73b89b\" data-element_type=\"section\" data-e-type=\"section\">\n\t\t\t\t\t\t<div class=\"elementor-container elementor-column-gap-default\">\n\t\t\t\t\t<div class=\"elementor-column elementor-col-50 elementor-inner-column elementor-element elementor-element-4a68f7b\" data-id=\"4a68f7b\" data-element_type=\"column\" data-e-type=\"column\">\n\t\t\t<div class=\"elementor-widget-wrap elementor-element-populated\">\n\t\t\t\t\t\t<div class=\"elementor-element elementor-element-18b65fe elementor-widget elementor-widget-spacer\" data-id=\"18b65fe\" data-element_type=\"widget\" data-e-type=\"widget\" data-widget_type=\"spacer.default\">\n\t\t\t\t<div class=\"elementor-widget-container\">\n\t\t\t\t\t\t\t<div class=\"elementor-spacer\">\n\t\t\t<div class=\"elementor-spacer-inner\"><\/div>\n\t\t<\/div>\n\t\t\t\t\t\t<\/div>\n\t\t\t\t<\/div>\n\t\t\t\t<div class=\"elementor-element elementor-element-dd7da12 elementor-widget elementor-widget-image\" data-id=\"dd7da12\" data-element_type=\"widget\" data-e-type=\"widget\" data-widget_type=\"image.default\">\n\t\t\t\t<div class=\"elementor-widget-container\">\n\t\t\t\t\t\t\t\t\t\t\t\t\t\t\t<img decoding=\"async\" width=\"750\" height=\"497\" src=\"https:\/\/motivex.com.tr\/wp-content\/uploads\/2021\/04\/pexels-photo-271667-1024x678.jpeg\" class=\"attachment-large size-large wp-image-84\" alt=\"\" srcset=\"https:\/\/motivex.com.tr\/wp-content\/uploads\/2021\/04\/pexels-photo-271667-1024x678.jpeg 1024w, https:\/\/motivex.com.tr\/wp-content\/uploads\/2021\/04\/pexels-photo-271667-300x199.jpeg 300w, https:\/\/motivex.com.tr\/wp-content\/uploads\/2021\/04\/pexels-photo-271667-768x509.jpeg 768w, https:\/\/motivex.com.tr\/wp-content\/uploads\/2021\/04\/pexels-photo-271667-1536x1017.jpeg 1536w, https:\/\/motivex.com.tr\/wp-content\/uploads\/2021\/04\/pexels-photo-271667-2048x1356.jpeg 2048w, https:\/\/motivex.com.tr\/wp-content\/uploads\/2021\/04\/pexels-photo-271667-1568x1038.jpeg 1568w\" sizes=\"(max-width: 750px) 100vw, 750px\" style=\"width:100%;height:66.23%;max-width:2265px\" \/>\t\t\t\t\t\t\t\t\t\t\t\t\t\t\t<\/div>\n\t\t\t\t<\/div>\n\t\t\t\t\t<\/div>\n\t\t<\/div>\n\t\t\t\t<div class=\"elementor-column elementor-col-50 elementor-inner-column elementor-element elementor-element-e28f783\" data-id=\"e28f783\" data-element_type=\"column\" data-e-type=\"column\">\n\t\t\t<div class=\"elementor-widget-wrap elementor-element-populated\">\n\t\t\t\t\t\t<div class=\"elementor-element elementor-element-1239ad0 elementor-widget elementor-widget-text-editor\" data-id=\"1239ad0\" data-element_type=\"widget\" data-e-type=\"widget\" data-widget_type=\"text-editor.default\">\n\t\t\t\t<div class=\"elementor-widget-container\">\n\t\t\t\t\t\t\t\t\t<p><span style=\"box-sizing: inherit; font-weight: bold; max-width: var(--global--spacing-measure); color: #000000; font-family: -apple-system, BlinkMacSystemFont, 'Segoe UI', Roboto, Oxygen-Sans, Ubuntu, Cantarell, 'Helvetica Neue', sans-serif;\">Projelendirme<\/span><br style=\"box-sizing: inherit; max-width: var(--global--spacing-measure); color: #000000; font-family: -apple-system, BlinkMacSystemFont, 'Segoe UI', Roboto, Oxygen-Sans, Ubuntu, Cantarell, 'Helvetica Neue', sans-serif;\" \/><span style=\"color: #000000; font-family: -apple-system, BlinkMacSystemFont, 'Segoe UI', Roboto, Oxygen-Sans, Ubuntu, Cantarell, 'Helvetica Neue', sans-serif;\">Projelendirme ciddi bir ad\u0131m.Ke\u015fif s\u00fcresinde planlanan her\u015feyi daha da somut ve ince hesaplamalarla sonu\u00e7land\u0131rmak gerekiyor.<\/span><br style=\"box-sizing: inherit; max-width: var(--global--spacing-measure); color: #000000; font-family: -apple-system, BlinkMacSystemFont, 'Segoe UI', Roboto, Oxygen-Sans, Ubuntu, Cantarell, 'Helvetica Neue', sans-serif;\" \/><br style=\"box-sizing: inherit; max-width: var(--global--spacing-measure); color: #000000; font-family: -apple-system, BlinkMacSystemFont, 'Segoe UI', Roboto, Oxygen-Sans, Ubuntu, Cantarell, 'Helvetica Neue', sans-serif;\" \/><span style=\"color: #000000; font-family: -apple-system, BlinkMacSystemFont, 'Segoe UI', Roboto, Oxygen-Sans, Ubuntu, Cantarell, 'Helvetica Neue', sans-serif;\">Bu y\u00f6n\u00fcyle y\u0131llar\u0131n verdi\u011fi tecr\u00fcbe ile bu zor ad\u0131m i\u00e7in en ideal \u00e7\u00f6z\u00fcmlerle sonu\u00e7land\u0131r\u0131yoruz.<\/span><\/p>\t\t\t\t\t\t\t\t<\/div>\n\t\t\t\t<\/div>\n\t\t\t\t\t<\/div>\n\t\t<\/div>\n\t\t\t\t\t<\/div>\n\t\t<\/section>\n\t\t\t\t\t<\/div>\n\t\t<\/div>\n\t\t\t\t\t<\/div>\n\t\t<\/section>\n\t\t\t\t<section class=\"elementor-section elementor-top-section elementor-element elementor-element-068e0b5 elementor-section-boxed elementor-section-height-default elementor-section-height-default\" data-id=\"068e0b5\" data-element_type=\"section\" data-e-type=\"section\">\n\t\t\t\t\t\t<div class=\"elementor-container elementor-column-gap-default\">\n\t\t\t\t\t<div class=\"elementor-column elementor-col-50 elementor-top-column elementor-element elementor-element-a241708\" data-id=\"a241708\" data-element_type=\"column\" data-e-type=\"column\">\n\t\t\t<div class=\"elementor-widget-wrap elementor-element-populated\">\n\t\t\t\t\t\t<div class=\"elementor-element elementor-element-d35e6a1 elementor-widget elementor-widget-text-editor\" data-id=\"d35e6a1\" data-element_type=\"widget\" data-e-type=\"widget\" data-widget_type=\"text-editor.default\">\n\t\t\t\t<div class=\"elementor-widget-container\">\n\t\t\t\t\t\t\t\t\t<p><span style=\"box-sizing: inherit; font-weight: bold; max-width: var(--global--spacing-measure); color: #000000; font-family: -apple-system, BlinkMacSystemFont, 'Segoe UI', Roboto, Oxygen-Sans, Ubuntu, Cantarell, 'Helvetica Neue', sans-serif;\">Uygulama<\/span><br style=\"box-sizing: inherit; max-width: var(--global--spacing-measure); color: #000000; font-family: -apple-system, BlinkMacSystemFont, 'Segoe UI', Roboto, Oxygen-Sans, Ubuntu, Cantarell, 'Helvetica Neue', sans-serif;\" \/><span style=\"color: #000000; font-family: -apple-system, BlinkMacSystemFont, 'Segoe UI', Roboto, Oxygen-Sans, Ubuntu, Cantarell, 'Helvetica Neue', sans-serif;\">Uygulama s\u00fcrecimizde her\u015fey daha \u00f6nceden planl\u0131 oldugu i\u00e7in daha kolay ilerliyor<\/span><br style=\"box-sizing: inherit; max-width: var(--global--spacing-measure); color: #000000; font-family: -apple-system, BlinkMacSystemFont, 'Segoe UI', Roboto, Oxygen-Sans, Ubuntu, Cantarell, 'Helvetica Neue', sans-serif;\" \/><span style=\"color: #000000; font-family: -apple-system, BlinkMacSystemFont, 'Segoe UI', Roboto, Oxygen-Sans, Ubuntu, Cantarell, 'Helvetica Neue', sans-serif;\">\u00c7\u00fcnk\u00fc bir projeyi t\u00fcm y\u00f6nleri ile d\u00fc\u015f\u00fcnerek ba\u015flamak t\u00fcm s\u00fcreci daha h\u0131zl\u0131 ve kolay ilerletiyor ve sonu\u00e7land\u0131r\u0131yor.<\/span><br style=\"box-sizing: inherit; max-width: var(--global--spacing-measure); color: #000000; font-family: -apple-system, BlinkMacSystemFont, 'Segoe UI', Roboto, Oxygen-Sans, Ubuntu, Cantarell, 'Helvetica Neue', sans-serif;\" \/><br \/><\/p>\t\t\t\t\t\t\t\t<\/div>\n\t\t\t\t<\/div>\n\t\t\t\t\t<\/div>\n\t\t<\/div>\n\t\t\t\t<div class=\"elementor-column elementor-col-50 elementor-top-column elementor-element elementor-element-35c8012\" data-id=\"35c8012\" data-element_type=\"column\" data-e-type=\"column\">\n\t\t\t<div class=\"elementor-widget-wrap elementor-element-populated\">\n\t\t\t\t\t\t<div class=\"elementor-element elementor-element-8c0e5f1 elementor-widget elementor-widget-spacer\" data-id=\"8c0e5f1\" data-element_type=\"widget\" data-e-type=\"widget\" data-widget_type=\"spacer.default\">\n\t\t\t\t<div class=\"elementor-widget-container\">\n\t\t\t\t\t\t\t<div class=\"elementor-spacer\">\n\t\t\t<div class=\"elementor-spacer-inner\"><\/div>\n\t\t<\/div>\n\t\t\t\t\t\t<\/div>\n\t\t\t\t<\/div>\n\t\t\t\t<div class=\"elementor-element elementor-element-3401dce elementor-widget elementor-widget-image\" data-id=\"3401dce\" data-element_type=\"widget\" data-e-type=\"widget\" data-widget_type=\"image.default\">\n\t\t\t\t<div class=\"elementor-widget-container\">\n\t\t\t\t\t\t\t\t\t\t\t\t\t\t\t<img decoding=\"async\" width=\"750\" height=\"500\" src=\"https:\/\/motivex.com.tr\/wp-content\/uploads\/2021\/04\/construction-site-build-construction-work-159306-1024x683.jpeg\" class=\"attachment-large size-large wp-image-83\" alt=\"\" srcset=\"https:\/\/motivex.com.tr\/wp-content\/uploads\/2021\/04\/construction-site-build-construction-work-159306-1024x683.jpeg 1024w, https:\/\/motivex.com.tr\/wp-content\/uploads\/2021\/04\/construction-site-build-construction-work-159306-300x200.jpeg 300w, https:\/\/motivex.com.tr\/wp-content\/uploads\/2021\/04\/construction-site-build-construction-work-159306-768x512.jpeg 768w, https:\/\/motivex.com.tr\/wp-content\/uploads\/2021\/04\/construction-site-build-construction-work-159306-1536x1024.jpeg 1536w, https:\/\/motivex.com.tr\/wp-content\/uploads\/2021\/04\/construction-site-build-construction-work-159306-2048x1365.jpeg 2048w, https:\/\/motivex.com.tr\/wp-content\/uploads\/2021\/04\/construction-site-build-construction-work-159306-1568x1045.jpeg 1568w\" sizes=\"(max-width: 750px) 100vw, 750px\" style=\"width:100%;height:66.67%;max-width:2250px\" \/>\t\t\t\t\t\t\t\t\t\t\t\t\t\t\t<\/div>\n\t\t\t\t<\/div>\n\t\t\t\t\t<\/div>\n\t\t<\/div>\n\t\t\t\t\t<\/div>\n\t\t<\/section>\n\t\t\t\t<section class=\"elementor-section elementor-top-section elementor-element elementor-element-c947794 elementor-section-boxed elementor-section-height-default elementor-section-height-default\" data-id=\"c947794\" data-element_type=\"section\" data-e-type=\"section\">\n\t\t\t\t\t\t<div class=\"elementor-container elementor-column-gap-default\">\n\t\t\t\t\t<div class=\"elementor-column elementor-col-100 elementor-top-column elementor-element elementor-element-ae827e3\" data-id=\"ae827e3\" data-element_type=\"column\" data-e-type=\"column\">\n\t\t\t<div class=\"elementor-widget-wrap elementor-element-populated\">\n\t\t\t\t\t\t<div class=\"elementor-element elementor-element-3c928cd elementor-widget elementor-widget-spacer\" data-id=\"3c928cd\" data-element_type=\"widget\" data-e-type=\"widget\" data-widget_type=\"spacer.default\">\n\t\t\t\t<div class=\"elementor-widget-container\">\n\t\t\t\t\t\t\t<div class=\"elementor-spacer\">\n\t\t\t<div class=\"elementor-spacer-inner\"><\/div>\n\t\t<\/div>\n\t\t\t\t\t\t<\/div>\n\t\t\t\t<\/div>\n\t\t\t\t<div class=\"elementor-element elementor-element-f8d6e53 elementor-widget elementor-widget-text-editor\" data-id=\"f8d6e53\" data-element_type=\"widget\" data-e-type=\"widget\" data-widget_type=\"text-editor.default\">\n\t\t\t\t<div class=\"elementor-widget-container\">\n\t\t\t\t\t\t\t\t\t<p><span style=\"color: #000000; font-family: -apple-system, BlinkMacSystemFont, 'Segoe UI', Roboto, Oxygen-Sans, Ubuntu, Cantarell, 'Helvetica Neue', sans-serif;\">Alan\u0131nda uzman ekiplerimiz ile \u00f6ng\u00fcr\u00fcleri yap\u0131lm\u0131\u015f ba\u015far\u0131l\u0131 i\u015flere imza at\u0131yoruz.<\/span><\/p>\t\t\t\t\t\t\t\t<\/div>\n\t\t\t\t<\/div>\n\t\t\t\t\t<\/div>\n\t\t<\/div>\n\t\t\t\t\t<\/div>\n\t\t<\/section>\n\t\t\t\t<\/div>\n\t\t","protected":false},"excerpt":{"rendered":"<p>Ke\u015fifT\u00fcm \u00e7al\u0131\u015fmalar\u0131m\u0131zda ba\u015flamaya karar verdi\u011fimiz hizmetleri t\u00fcm y\u00f6nleri ile ara\u015ft\u0131r\u0131yoruz.Uzun ve k\u0131sa vadede olu\u015fabilecek t\u00fcm \u00f6ng\u00f6r\u00fclerden sonra projelendirme a\u015famas\u0131na ge\u00e7iyoruz. ProjelendirmeProjelendirme ciddi bir ad\u0131m.Ke\u015fif s\u00fcresinde planlanan her\u015feyi daha da somut ve ince hesaplamalarla sonu\u00e7land\u0131rmak gerekiyor.Bu y\u00f6n\u00fcyle y\u0131llar\u0131n verdi\u011fi tecr\u00fcbe ile bu zor ad\u0131m i\u00e7in en ideal \u00e7\u00f6z\u00fcmlerle sonu\u00e7land\u0131r\u0131yoruz. UygulamaUygulama s\u00fcrecimizde her\u015fey daha \u00f6nceden planl\u0131 oldugu&hellip; <a class=\"more-link\" href=\"https:\/\/motivex.com.tr\/index.php\/kentsel-donusum\/\">Okumaya devam et <span class=\"screen-reader-text\">Kentsel D\u00f6n\u00fc\u015f\u00fcm<\/span><\/a><\/p>\n","protected":false},"author":1,"featured_media":0,"parent":0,"menu_order":0,"comment_status":"closed","ping_status":"closed","template":"","meta":{"footnotes":""},"class_list":["post-70","page","type-page","status-publish","hentry","entry"],"_links":{"self":[{"href":"https:\/\/motivex.com.tr\/index.php\/wp-json\/wp\/v2\/pages\/70","targetHints":{"allow":["GET"]}}],"collection":[{"href":"https:\/\/motivex.com.tr\/index.php\/wp-json\/wp\/v2\/pages"}],"about":[{"href":"https:\/\/motivex.com.tr\/index.php\/wp-json\/wp\/v2\/types\/page"}],"author":[{"embeddable":true,"href":"https:\/\/motivex.com.tr\/index.php\/wp-json\/wp\/v2\/users\/1"}],"replies":[{"embeddable":true,"href":"https:\/\/motivex.com.tr\/index.php\/wp-json\/wp\/v2\/comments?post=70"}],"version-history":[{"count":16,"href":"https:\/\/motivex.com.tr\/index.php\/wp-json\/wp\/v2\/pages\/70\/revisions"}],"predecessor-version":[{"id":98,"href":"https:\/\/motivex.com.tr\/index.php\/wp-json\/wp\/v2\/pages\/70\/revisions\/98"}],"wp:attachment":[{"href":"https:\/\/motivex.com.tr\/index.php\/wp-json\/wp\/v2\/media?parent=70"}],"curies":[{"name":"wp","href":"https:\/\/api.w.org\/{rel}","templated":true}]}}