{"id":6,"date":"2021-02-18T01:33:25","date_gmt":"2021-02-18T01:33:25","guid":{"rendered":"https:\/\/motivex.com.tr\/?page_id=6"},"modified":"2021-02-18T01:40:14","modified_gmt":"2021-02-18T01:40:14","slug":"hakkimizda","status":"publish","type":"page","link":"https:\/\/motivex.com.tr\/index.php\/hakkimizda\/","title":{"rendered":"Hakk\u0131m\u0131zda"},"content":{"rendered":"\n<p>Motivex, faaliyet g\u00f6sterdi\u011fi t\u00fcm b\u00f6lgelerde, kurumsal de\u011ferleri ve i\u015f ilkeleri do\u011frultusunda hareket etmektedir. Sahip oldu\u011fumuz ve kurumsal eylemlerinde g\u00f6zetti\u011fi t\u00fcm de\u011ferler, Motivex ve \u00e7al\u0131\u015fanlar\u0131n\u0131n farkl\u0131l\u0131\u011f\u0131n\u0131 olu\u015fturmaktad\u0131r. \u0130novatif ve cesur i\u015f yakla\u015f\u0131m\u0131yla T\u00fcrkiye ve di\u011fer \u00fclkelerdeki t\u00fcm payda\u015flar\u0131na de\u011fer katmak. Y\u00f6netim pratikleri ve i\u015f portfolyosu y\u00f6n\u00fcnden T\u00fcrkiye\u2019nin en de\u011ferli kurulu\u015fu h\u00e2line gelmek. Y\u00f6netim anlay\u0131\u015f\u0131 ve sistemleriyle \u00f6rnek bir \u015firket olmak.<\/p>\n","protected":false},"excerpt":{"rendered":"<p>Motivex, faaliyet g\u00f6sterdi\u011fi t\u00fcm b\u00f6lgelerde, kurumsal de\u011ferleri ve i\u015f ilkeleri do\u011frultusunda hareket etmektedir. Sahip oldu\u011fumuz ve kurumsal eylemlerinde g\u00f6zetti\u011fi t\u00fcm de\u011ferler, Motivex ve \u00e7al\u0131\u015fanlar\u0131n\u0131n farkl\u0131l\u0131\u011f\u0131n\u0131 olu\u015fturmaktad\u0131r. \u0130novatif ve cesur i\u015f yakla\u015f\u0131m\u0131yla T\u00fcrkiye ve di\u011fer \u00fclkelerdeki t\u00fcm payda\u015flar\u0131na de\u011fer katmak. Y\u00f6netim pratikleri ve i\u015f portfolyosu y\u00f6n\u00fcnden T\u00fcrkiye\u2019nin en de\u011ferli kurulu\u015fu h\u00e2line gelmek. Y\u00f6netim anlay\u0131\u015f\u0131 ve sistemleriyle&hellip; <a class=\"more-link\" href=\"https:\/\/motivex.com.tr\/index.php\/hakkimizda\/\">Okumaya devam et <span class=\"screen-reader-text\">Hakk\u0131m\u0131zda<\/span><\/a><\/p>\n","protected":false},"author":1,"featured_media":0,"parent":0,"menu_order":0,"comment_status":"closed","ping_status":"closed","template":"","meta":{"footnotes":""},"class_list":["post-6","page","type-page","status-publish","hentry","entry"],"_links":{"self":[{"href":"https:\/\/motivex.com.tr\/index.php\/wp-json\/wp\/v2\/pages\/6","targetHints":{"allow":["GET"]}}],"collection":[{"href":"https:\/\/motivex.com.tr\/index.php\/wp-json\/wp\/v2\/pages"}],"about":[{"href":"https:\/\/motivex.com.tr\/index.php\/wp-json\/wp\/v2\/types\/page"}],"author":[{"embeddable":true,"href":"https:\/\/motivex.com.tr\/index.php\/wp-json\/wp\/v2\/users\/1"}],"replies":[{"embeddable":true,"href":"https:\/\/motivex.com.tr\/index.php\/wp-json\/wp\/v2\/comments?post=6"}],"version-history":[{"count":3,"href":"https:\/\/motivex.com.tr\/index.php\/wp-json\/wp\/v2\/pages\/6\/revisions"}],"predecessor-version":[{"id":32,"href":"https:\/\/motivex.com.tr\/index.php\/wp-json\/wp\/v2\/pages\/6\/revisions\/32"}],"wp:attachment":[{"href":"https:\/\/motivex.com.tr\/index.php\/wp-json\/wp\/v2\/media?parent=6"}],"curies":[{"name":"wp","href":"https:\/\/api.w.org\/{rel}","templated":true}]}}