{"id":5,"date":"2021-02-18T01:33:24","date_gmt":"2021-02-18T01:33:24","guid":{"rendered":"https:\/\/motivex.com.tr\/?page_id=5"},"modified":"2021-04-13T17:33:16","modified_gmt":"2021-04-13T14:33:16","slug":"create-your-website-with-blocks","status":"publish","type":"page","link":"https:\/\/motivex.com.tr\/","title":{"rendered":"MOTIVEX Ya\u015fam \u00c7\u00f6z\u00fcmleri"},"content":{"rendered":"\n<h2 class=\"alignwide has-text-align-wide has-gigantic-font-size wp-block-heading\" style=\"line-height:1.1\">Ya\u015fam \u00e7\u00f6z\u00fcmlerimizle mutlulu\u011fa yer a\u00e7\u0131n.<\/h2>\n\n\n\n<div style=\"height:100px\" aria-hidden=\"true\" class=\"wp-block-spacer\"><\/div>\n\n\n\n<div class=\"wp-block-columns alignwide are-vertically-aligned-center is-style-twentytwentyone-columns-overlap is-layout-flex wp-container-core-columns-is-layout-9d6595d7 wp-block-columns-is-layout-flex\">\n<div class=\"wp-block-column is-vertically-aligned-center is-layout-flow wp-block-column-is-layout-flow\">\n<figure class=\"wp-block-image alignfull size-large\"><img fetchpriority=\"high\" decoding=\"async\" width=\"650\" height=\"360\" src=\"https:\/\/motivex.com.tr\/wp-content\/uploads\/2021\/02\/zeytinburnu-telsiz-mahallesi-kentsel-donusum-lansmani-yapildi.jpg\" alt=\"\" class=\"wp-image-42\" srcset=\"https:\/\/motivex.com.tr\/wp-content\/uploads\/2021\/02\/zeytinburnu-telsiz-mahallesi-kentsel-donusum-lansmani-yapildi.jpg 650w, https:\/\/motivex.com.tr\/wp-content\/uploads\/2021\/02\/zeytinburnu-telsiz-mahallesi-kentsel-donusum-lansmani-yapildi-300x166.jpg 300w\" sizes=\"(max-width: 650px) 100vw, 650px\" \/><\/figure>\n\n\n\n<div style=\"height:100px\" aria-hidden=\"true\" class=\"wp-block-spacer\"><\/div>\n\n\n\n<figure class=\"wp-block-image alignfull size-large is-style-twentytwentyone-image-frame\"><img decoding=\"async\" width=\"750\" height=\"500\" src=\"https:\/\/motivex.com.tr\/wp-content\/uploads\/2021\/02\/gayrimenkul-danismanligi-nedir.jpg\" alt=\"\" class=\"wp-image-44\" srcset=\"https:\/\/motivex.com.tr\/wp-content\/uploads\/2021\/02\/gayrimenkul-danismanligi-nedir.jpg 750w, https:\/\/motivex.com.tr\/wp-content\/uploads\/2021\/02\/gayrimenkul-danismanligi-nedir-300x200.jpg 300w\" sizes=\"(max-width: 750px) 100vw, 750px\" \/><\/figure>\n<\/div>\n\n\n\n<div class=\"wp-block-column is-vertically-aligned-center is-layout-flow wp-block-column-is-layout-flow\">\n<div style=\"height:100px\" aria-hidden=\"true\" class=\"wp-block-spacer\"><\/div>\n\n\n\n<figure class=\"wp-block-image size-large alignfull size-full is-style-twentytwentyone-border\"><img decoding=\"async\" width=\"800\" height=\"450\" src=\"https:\/\/motivex.com.tr\/wp-content\/uploads\/2021\/02\/0d9cf9b6-1520-46fd-a459-f9804e018fc9.jpg\" alt=\"\" class=\"wp-image-43\" srcset=\"https:\/\/motivex.com.tr\/wp-content\/uploads\/2021\/02\/0d9cf9b6-1520-46fd-a459-f9804e018fc9.jpg 800w, https:\/\/motivex.com.tr\/wp-content\/uploads\/2021\/02\/0d9cf9b6-1520-46fd-a459-f9804e018fc9-300x169.jpg 300w, https:\/\/motivex.com.tr\/wp-content\/uploads\/2021\/02\/0d9cf9b6-1520-46fd-a459-f9804e018fc9-768x432.jpg 768w\" sizes=\"(max-width: 800px) 100vw, 800px\" \/><\/figure>\n<\/div>\n<\/div>\n\n\n\n<div style=\"height:50px\" aria-hidden=\"true\" class=\"wp-block-spacer\"><\/div>\n\n\n\n<div style=\"height:100px\" aria-hidden=\"true\" class=\"wp-block-spacer\"><\/div>\n\n\n\n<p><\/p>\n","protected":false},"excerpt":{"rendered":"<p>Ya\u015fam \u00e7\u00f6z\u00fcmlerimizle mutlulu\u011fa yer a\u00e7\u0131n.<\/p>\n","protected":false},"author":1,"featured_media":0,"parent":0,"menu_order":0,"comment_status":"closed","ping_status":"closed","template":"","meta":{"footnotes":""},"class_list":["post-5","page","type-page","status-publish","hentry","entry"],"_links":{"self":[{"href":"https:\/\/motivex.com.tr\/index.php\/wp-json\/wp\/v2\/pages\/5","targetHints":{"allow":["GET"]}}],"collection":[{"href":"https:\/\/motivex.com.tr\/index.php\/wp-json\/wp\/v2\/pages"}],"about":[{"href":"https:\/\/motivex.com.tr\/index.php\/wp-json\/wp\/v2\/types\/page"}],"author":[{"embeddable":true,"href":"https:\/\/motivex.com.tr\/index.php\/wp-json\/wp\/v2\/users\/1"}],"replies":[{"embeddable":true,"href":"https:\/\/motivex.com.tr\/index.php\/wp-json\/wp\/v2\/comments?post=5"}],"version-history":[{"count":7,"href":"https:\/\/motivex.com.tr\/index.php\/wp-json\/wp\/v2\/pages\/5\/revisions"}],"predecessor-version":[{"id":122,"href":"https:\/\/motivex.com.tr\/index.php\/wp-json\/wp\/v2\/pages\/5\/revisions\/122"}],"wp:attachment":[{"href":"https:\/\/motivex.com.tr\/index.php\/wp-json\/wp\/v2\/media?parent=5"}],"curies":[{"name":"wp","href":"https:\/\/api.w.org\/{rel}","templated":true}]}}